{"id":28,"date":"2023-01-04T20:20:47","date_gmt":"2023-01-04T19:20:47","guid":{"rendered":"https:\/\/fundacja.izba-lekarska.org.pl\/index.php\/strona-glowna\/"},"modified":"2023-01-04T20:22:56","modified_gmt":"2023-01-04T19:22:56","slug":"strona-glowna","status":"publish","type":"page","link":"https:\/\/fundacja.izba-lekarska.org.pl\/","title":{"rendered":""},"content":{"rendered":"<h2 class=\"has-text-align-center wp-block-heading\">Nowe produkty<\/h2><div data-block-name=\"woocommerce\/product-new\" class=\"wc-block-grid wp-block-product-new wp-block-woocommerce-product-new wc-block-product-new has-3-columns has-multiple-rows alignwide\"><ul class=\"wc-block-grid__products\"><li class=\"wc-block-grid__product\">\n\t\t\t\t<a href=\"https:\/\/fundacja.izba-lekarska.org.pl\/index.php\/produkt\/liryka-dla-medyka\/\" class=\"wc-block-grid__product-link\">\n\t\t\t\t\t\n\t\t\t\t\t<div class=\"wc-block-grid__product-image\"><img loading=\"lazy\" decoding=\"async\" width=\"324\" height=\"324\" src=\"https:\/\/fundacja.izba-lekarska.org.pl\/wp-content\/uploads\/2025\/12\/Liryka-dla-medyka-324x324.png\" class=\"attachment-woocommerce_thumbnail size-woocommerce_thumbnail\" alt=\"Liryka dla medyka\" srcset=\"https:\/\/fundacja.izba-lekarska.org.pl\/wp-content\/uploads\/2025\/12\/Liryka-dla-medyka-324x324.png 324w, https:\/\/fundacja.izba-lekarska.org.pl\/wp-content\/uploads\/2025\/12\/Liryka-dla-medyka-150x150.png 150w, https:\/\/fundacja.izba-lekarska.org.pl\/wp-content\/uploads\/2025\/12\/Liryka-dla-medyka-100x100.png 100w\" sizes=\"auto, (max-width: 324px) 100vw, 324px\" \/><\/div>\n\t\t\t\t\t<div class=\"wc-block-grid__product-title\">Liryka dla medyka<\/div>\n\t\t\t\t<\/a>\n\t\t\t\t<div class=\"wc-block-grid__product-price price\"><span class=\"woocommerce-Price-amount amount\">45,00&nbsp;<span class=\"woocommerce-Price-currencySymbol\">&#122;&#322;<\/span><\/span><\/div>\n\t\t\t\t\n\t\t\t\t<div class=\"wp-block-button wc-block-grid__product-add-to-cart\"><a href=\"?add-to-cart=2492\" aria-label=\"Dodaj do koszyka: &bdquo;Liryka dla medyka&rdquo;\" data-quantity=\"1\" data-product_id=\"2492\" data-product_sku=\"\" data-price=\"45\" rel=\"nofollow\" class=\"wp-block-button__link  add_to_cart_button ajax_add_to_cart\">Dodaj do koszyka<\/a><\/div>\n\t\t\t<\/li><li class=\"wc-block-grid__product\">\n\t\t\t\t<a href=\"https:\/\/fundacja.izba-lekarska.org.pl\/index.php\/produkt\/puzzle-1000-elementow-anatomiczne-serce\/\" class=\"wc-block-grid__product-link\">\n\t\t\t\t\t\n\t\t\t\t\t<div class=\"wc-block-grid__product-image\"><img loading=\"lazy\" decoding=\"async\" width=\"324\" height=\"324\" src=\"https:\/\/fundacja.izba-lekarska.org.pl\/wp-content\/uploads\/2025\/10\/SIL_Puzzle_serce_pudelko-324x324.png\" class=\"attachment-woocommerce_thumbnail size-woocommerce_thumbnail\" alt=\"Puzzle 1000 element\u00f3w \u2013 Anatomiczne serce\" srcset=\"https:\/\/fundacja.izba-lekarska.org.pl\/wp-content\/uploads\/2025\/10\/SIL_Puzzle_serce_pudelko-324x324.png 324w, https:\/\/fundacja.izba-lekarska.org.pl\/wp-content\/uploads\/2025\/10\/SIL_Puzzle_serce_pudelko-300x300.png 300w, https:\/\/fundacja.izba-lekarska.org.pl\/wp-content\/uploads\/2025\/10\/SIL_Puzzle_serce_pudelko-1024x1024.png 1024w, https:\/\/fundacja.izba-lekarska.org.pl\/wp-content\/uploads\/2025\/10\/SIL_Puzzle_serce_pudelko-150x150.png 150w, https:\/\/fundacja.izba-lekarska.org.pl\/wp-content\/uploads\/2025\/10\/SIL_Puzzle_serce_pudelko-768x767.png 768w, https:\/\/fundacja.izba-lekarska.org.pl\/wp-content\/uploads\/2025\/10\/SIL_Puzzle_serce_pudelko-416x416.png 416w, https:\/\/fundacja.izba-lekarska.org.pl\/wp-content\/uploads\/2025\/10\/SIL_Puzzle_serce_pudelko-100x100.png 100w, https:\/\/fundacja.izba-lekarska.org.pl\/wp-content\/uploads\/2025\/10\/SIL_Puzzle_serce_pudelko.png 1326w\" sizes=\"auto, (max-width: 324px) 100vw, 324px\" \/><\/div>\n\t\t\t\t\t<div class=\"wc-block-grid__product-title\">Puzzle 1000 element\u00f3w \u2013 Anatomiczne serce<\/div>\n\t\t\t\t<\/a>\n\t\t\t\t<div class=\"wc-block-grid__product-price price\"><span class=\"woocommerce-Price-amount amount\">45,00&nbsp;<span class=\"woocommerce-Price-currencySymbol\">&#122;&#322;<\/span><\/span><\/div>\n\t\t\t\t\n\t\t\t\t<div class=\"wp-block-button wc-block-grid__product-add-to-cart\"><a href=\"?add-to-cart=2391\" aria-label=\"Dodaj do koszyka: &bdquo;Puzzle 1000 element\u00f3w \u2013 Anatomiczne serce&rdquo;\" data-quantity=\"1\" data-product_id=\"2391\" data-product_sku=\"\" data-price=\"45\" rel=\"nofollow\" class=\"wp-block-button__link  add_to_cart_button ajax_add_to_cart\">Dodaj do koszyka<\/a><\/div>\n\t\t\t<\/li><li class=\"wc-block-grid__product\">\n\t\t\t\t<a href=\"https:\/\/fundacja.izba-lekarska.org.pl\/index.php\/produkt\/puzzle-500-elementow-spik-i-szpeniol-katowickie-beboki\/\" class=\"wc-block-grid__product-link\">\n\t\t\t\t\t\n\t\t\t\t\t<div class=\"wc-block-grid__product-image\"><img loading=\"lazy\" decoding=\"async\" width=\"324\" height=\"324\" src=\"https:\/\/fundacja.izba-lekarska.org.pl\/wp-content\/uploads\/2025\/10\/SIL_puzzle_beboki_pudelko-324x324.png\" class=\"attachment-woocommerce_thumbnail size-woocommerce_thumbnail\" alt=\"Puzzle 500 element\u00f3w \u2013 \u015apik i Szpeniol, katowickie beboki\" srcset=\"https:\/\/fundacja.izba-lekarska.org.pl\/wp-content\/uploads\/2025\/10\/SIL_puzzle_beboki_pudelko-324x324.png 324w, https:\/\/fundacja.izba-lekarska.org.pl\/wp-content\/uploads\/2025\/10\/SIL_puzzle_beboki_pudelko-300x300.png 300w, https:\/\/fundacja.izba-lekarska.org.pl\/wp-content\/uploads\/2025\/10\/SIL_puzzle_beboki_pudelko-1024x1024.png 1024w, https:\/\/fundacja.izba-lekarska.org.pl\/wp-content\/uploads\/2025\/10\/SIL_puzzle_beboki_pudelko-150x150.png 150w, https:\/\/fundacja.izba-lekarska.org.pl\/wp-content\/uploads\/2025\/10\/SIL_puzzle_beboki_pudelko-768x768.png 768w, https:\/\/fundacja.izba-lekarska.org.pl\/wp-content\/uploads\/2025\/10\/SIL_puzzle_beboki_pudelko-1536x1536.png 1536w, https:\/\/fundacja.izba-lekarska.org.pl\/wp-content\/uploads\/2025\/10\/SIL_puzzle_beboki_pudelko-416x416.png 416w, https:\/\/fundacja.izba-lekarska.org.pl\/wp-content\/uploads\/2025\/10\/SIL_puzzle_beboki_pudelko-100x100.png 100w, https:\/\/fundacja.izba-lekarska.org.pl\/wp-content\/uploads\/2025\/10\/SIL_puzzle_beboki_pudelko.png 1920w\" sizes=\"auto, (max-width: 324px) 100vw, 324px\" \/><\/div>\n\t\t\t\t\t<div class=\"wc-block-grid__product-title\">Puzzle 500 element\u00f3w \u2013 \u015apik i Szpeniol, katowickie beboki<\/div>\n\t\t\t\t<\/a>\n\t\t\t\t<div class=\"wc-block-grid__product-price price\"><span class=\"woocommerce-Price-amount amount\">35,00&nbsp;<span class=\"woocommerce-Price-currencySymbol\">&#122;&#322;<\/span><\/span><\/div>\n\t\t\t\t\n\t\t\t\t<div class=\"wp-block-button wc-block-grid__product-add-to-cart\"><a href=\"?add-to-cart=2389\" aria-label=\"Dodaj do koszyka: &bdquo;Puzzle 500 element\u00f3w \u2013 \u015apik i Szpeniol, katowickie beboki&rdquo;\" data-quantity=\"1\" data-product_id=\"2389\" data-product_sku=\"\" data-price=\"35\" rel=\"nofollow\" class=\"wp-block-button__link  add_to_cart_button ajax_add_to_cart\">Dodaj do koszyka<\/a><\/div>\n\t\t\t<\/li><li class=\"wc-block-grid__product\">\n\t\t\t\t<a href=\"https:\/\/fundacja.izba-lekarska.org.pl\/index.php\/produkt\/dobre-rady-z-poradnika-wspanialego-zawodnika\/\" class=\"wc-block-grid__product-link\">\n\t\t\t\t\t\n\t\t\t\t\t<div class=\"wc-block-grid__product-image\"><img loading=\"lazy\" decoding=\"async\" width=\"324\" height=\"324\" src=\"https:\/\/fundacja.izba-lekarska.org.pl\/wp-content\/uploads\/2025\/01\/poradnik-324x324.png\" class=\"attachment-woocommerce_thumbnail size-woocommerce_thumbnail\" alt=\"Dobre rady z poradnika wspania\u0142ego zawodnika\" srcset=\"https:\/\/fundacja.izba-lekarska.org.pl\/wp-content\/uploads\/2025\/01\/poradnik-324x324.png 324w, https:\/\/fundacja.izba-lekarska.org.pl\/wp-content\/uploads\/2025\/01\/poradnik-150x150.png 150w, https:\/\/fundacja.izba-lekarska.org.pl\/wp-content\/uploads\/2025\/01\/poradnik-100x100.png 100w\" sizes=\"auto, (max-width: 324px) 100vw, 324px\" \/><\/div>\n\t\t\t\t\t<div class=\"wc-block-grid__product-title\">Dobre rady z poradnika wspania\u0142ego zawodnika<\/div>\n\t\t\t\t<\/a>\n\t\t\t\t<div class=\"wc-block-grid__product-price price\"><span class=\"woocommerce-Price-amount amount\">5,00&nbsp;<span class=\"woocommerce-Price-currencySymbol\">&#122;&#322;<\/span><\/span><\/div>\n\t\t\t\t\n\t\t\t\t<div class=\"wp-block-button wc-block-grid__product-add-to-cart\"><a href=\"?add-to-cart=2054\" aria-label=\"Dodaj do koszyka: &bdquo;Dobre rady z poradnika wspania\u0142ego zawodnika&rdquo;\" data-quantity=\"1\" data-product_id=\"2054\" data-product_sku=\"\" data-price=\"5\" rel=\"nofollow\" class=\"wp-block-button__link  add_to_cart_button ajax_add_to_cart\">Dodaj do koszyka<\/a><\/div>\n\t\t\t<\/li><li class=\"wc-block-grid__product\">\n\t\t\t\t<a href=\"https:\/\/fundacja.izba-lekarska.org.pl\/index.php\/produkt\/pakiet-6-ksiazeczek-miksuj-dowolnie\/\" class=\"wc-block-grid__product-link\">\n\t\t\t\t\t\n\t\t\t\t\t<div class=\"wc-block-grid__product-image\"><img loading=\"lazy\" decoding=\"async\" width=\"324\" height=\"324\" src=\"https:\/\/fundacja.izba-lekarska.org.pl\/wp-content\/uploads\/2024\/10\/Pakiet_6-324x324.jpg\" class=\"attachment-woocommerce_thumbnail size-woocommerce_thumbnail\" alt=\"Pakiet 6 ksi\u0105\u017ceczek - miksuj dowolnie\" srcset=\"https:\/\/fundacja.izba-lekarska.org.pl\/wp-content\/uploads\/2024\/10\/Pakiet_6-324x324.jpg 324w, https:\/\/fundacja.izba-lekarska.org.pl\/wp-content\/uploads\/2024\/10\/Pakiet_6-300x300.jpg 300w, https:\/\/fundacja.izba-lekarska.org.pl\/wp-content\/uploads\/2024\/10\/Pakiet_6-1024x1024.jpg 1024w, https:\/\/fundacja.izba-lekarska.org.pl\/wp-content\/uploads\/2024\/10\/Pakiet_6-150x150.jpg 150w, https:\/\/fundacja.izba-lekarska.org.pl\/wp-content\/uploads\/2024\/10\/Pakiet_6-768x768.jpg 768w, https:\/\/fundacja.izba-lekarska.org.pl\/wp-content\/uploads\/2024\/10\/Pakiet_6-416x416.jpg 416w, https:\/\/fundacja.izba-lekarska.org.pl\/wp-content\/uploads\/2024\/10\/Pakiet_6-100x100.jpg 100w, https:\/\/fundacja.izba-lekarska.org.pl\/wp-content\/uploads\/2024\/10\/Pakiet_6.jpg 1080w\" sizes=\"auto, (max-width: 324px) 100vw, 324px\" \/><\/div>\n\t\t\t\t\t<div class=\"wc-block-grid__product-title\">Pakiet 6 ksi\u0105\u017ceczek &#8211; miksuj dowolnie<\/div>\n\t\t\t\t<\/a>\n\t\t\t\t<div class=\"wc-block-grid__product-price price\"><span class=\"woocommerce-Price-amount amount\">60,00&nbsp;<span class=\"woocommerce-Price-currencySymbol\">&#122;&#322;<\/span><\/span><\/div>\n\t\t\t\t\n\t\t\t\t<div class=\"wp-block-button wc-block-grid__product-add-to-cart\"><a href=\"?add-to-cart=2006\" aria-label=\"Dodaj do koszyka: &bdquo;Pakiet 6 ksi\u0105\u017ceczek - miksuj dowolnie&rdquo;\" data-quantity=\"1\" data-product_id=\"2006\" data-product_sku=\"\" data-price=\"60\" rel=\"nofollow\" class=\"wp-block-button__link  add_to_cart_button ajax_add_to_cart\">Dodaj do koszyka<\/a><\/div>\n\t\t\t<\/li><li class=\"wc-block-grid__product\">\n\t\t\t\t<a href=\"https:\/\/fundacja.izba-lekarska.org.pl\/index.php\/produkt\/pakiet-5-ksiazeczek-miksuj-dowolnie\/\" class=\"wc-block-grid__product-link\">\n\t\t\t\t\t\n\t\t\t\t\t<div class=\"wc-block-grid__product-image\"><img loading=\"lazy\" decoding=\"async\" width=\"324\" height=\"324\" src=\"https:\/\/fundacja.izba-lekarska.org.pl\/wp-content\/uploads\/2024\/10\/Miksuj_5-324x324.jpg\" class=\"attachment-woocommerce_thumbnail size-woocommerce_thumbnail\" alt=\"Pakiet 5 ksi\u0105\u017ceczek - miksuj dowolnie\" srcset=\"https:\/\/fundacja.izba-lekarska.org.pl\/wp-content\/uploads\/2024\/10\/Miksuj_5-324x324.jpg 324w, https:\/\/fundacja.izba-lekarska.org.pl\/wp-content\/uploads\/2024\/10\/Miksuj_5-300x300.jpg 300w, https:\/\/fundacja.izba-lekarska.org.pl\/wp-content\/uploads\/2024\/10\/Miksuj_5-1024x1024.jpg 1024w, https:\/\/fundacja.izba-lekarska.org.pl\/wp-content\/uploads\/2024\/10\/Miksuj_5-150x150.jpg 150w, https:\/\/fundacja.izba-lekarska.org.pl\/wp-content\/uploads\/2024\/10\/Miksuj_5-768x768.jpg 768w, https:\/\/fundacja.izba-lekarska.org.pl\/wp-content\/uploads\/2024\/10\/Miksuj_5-416x416.jpg 416w, https:\/\/fundacja.izba-lekarska.org.pl\/wp-content\/uploads\/2024\/10\/Miksuj_5-100x100.jpg 100w, https:\/\/fundacja.izba-lekarska.org.pl\/wp-content\/uploads\/2024\/10\/Miksuj_5.jpg 1080w\" sizes=\"auto, (max-width: 324px) 100vw, 324px\" \/><\/div>\n\t\t\t\t\t<div class=\"wc-block-grid__product-title\">Pakiet 5 ksi\u0105\u017ceczek &#8211; miksuj dowolnie<\/div>\n\t\t\t\t<\/a>\n\t\t\t\t<div class=\"wc-block-grid__product-price price\"><span class=\"woocommerce-Price-amount amount\">50,00&nbsp;<span class=\"woocommerce-Price-currencySymbol\">&#122;&#322;<\/span><\/span><\/div>\n\t\t\t\t\n\t\t\t\t<div class=\"wp-block-button wc-block-grid__product-add-to-cart\"><a href=\"?add-to-cart=2004\" aria-label=\"Dodaj do koszyka: &bdquo;Pakiet 5 ksi\u0105\u017ceczek - miksuj dowolnie&rdquo;\" data-quantity=\"1\" data-product_id=\"2004\" data-product_sku=\"\" data-price=\"50\" rel=\"nofollow\" class=\"wp-block-button__link  add_to_cart_button ajax_add_to_cart\">Dodaj do koszyka<\/a><\/div>\n\t\t\t<\/li><li class=\"wc-block-grid__product\">\n\t\t\t\t<a href=\"https:\/\/fundacja.izba-lekarska.org.pl\/index.php\/produkt\/pakiet-4-ksiazeczek-miksuj-dowolnie\/\" class=\"wc-block-grid__product-link\">\n\t\t\t\t\t\n\t\t\t\t\t<div class=\"wc-block-grid__product-image\"><img loading=\"lazy\" decoding=\"async\" width=\"324\" height=\"324\" src=\"https:\/\/fundacja.izba-lekarska.org.pl\/wp-content\/uploads\/2024\/10\/Miksuj_4-324x324.jpg\" class=\"attachment-woocommerce_thumbnail size-woocommerce_thumbnail\" alt=\"Pakiet 4 ksi\u0105\u017ceczek - miksuj dowolnie\" srcset=\"https:\/\/fundacja.izba-lekarska.org.pl\/wp-content\/uploads\/2024\/10\/Miksuj_4-324x324.jpg 324w, https:\/\/fundacja.izba-lekarska.org.pl\/wp-content\/uploads\/2024\/10\/Miksuj_4-300x300.jpg 300w, https:\/\/fundacja.izba-lekarska.org.pl\/wp-content\/uploads\/2024\/10\/Miksuj_4-1024x1024.jpg 1024w, https:\/\/fundacja.izba-lekarska.org.pl\/wp-content\/uploads\/2024\/10\/Miksuj_4-150x150.jpg 150w, https:\/\/fundacja.izba-lekarska.org.pl\/wp-content\/uploads\/2024\/10\/Miksuj_4-768x768.jpg 768w, https:\/\/fundacja.izba-lekarska.org.pl\/wp-content\/uploads\/2024\/10\/Miksuj_4-416x416.jpg 416w, https:\/\/fundacja.izba-lekarska.org.pl\/wp-content\/uploads\/2024\/10\/Miksuj_4-100x100.jpg 100w, https:\/\/fundacja.izba-lekarska.org.pl\/wp-content\/uploads\/2024\/10\/Miksuj_4.jpg 1080w\" sizes=\"auto, (max-width: 324px) 100vw, 324px\" \/><\/div>\n\t\t\t\t\t<div class=\"wc-block-grid__product-title\">Pakiet 4 ksi\u0105\u017ceczek &#8211; miksuj dowolnie<\/div>\n\t\t\t\t<\/a>\n\t\t\t\t<div class=\"wc-block-grid__product-price price\"><span class=\"woocommerce-Price-amount amount\">40,00&nbsp;<span class=\"woocommerce-Price-currencySymbol\">&#122;&#322;<\/span><\/span><\/div>\n\t\t\t\t\n\t\t\t\t<div class=\"wp-block-button wc-block-grid__product-add-to-cart\"><a href=\"?add-to-cart=2002\" aria-label=\"Dodaj do koszyka: &bdquo;Pakiet 4 ksi\u0105\u017ceczek - miksuj dowolnie&rdquo;\" data-quantity=\"1\" data-product_id=\"2002\" data-product_sku=\"\" data-price=\"40\" rel=\"nofollow\" class=\"wp-block-button__link  add_to_cart_button ajax_add_to_cart\">Dodaj do koszyka<\/a><\/div>\n\t\t\t<\/li><li class=\"wc-block-grid__product\">\n\t\t\t\t<a href=\"https:\/\/fundacja.izba-lekarska.org.pl\/index.php\/produkt\/pakiet-3-ksiazeczek-miksuj-dowolnie\/\" class=\"wc-block-grid__product-link\">\n\t\t\t\t\t\n\t\t\t\t\t<div class=\"wc-block-grid__product-image\"><img loading=\"lazy\" decoding=\"async\" width=\"324\" height=\"324\" src=\"https:\/\/fundacja.izba-lekarska.org.pl\/wp-content\/uploads\/2024\/10\/Miksuj_3-324x324.jpg\" class=\"attachment-woocommerce_thumbnail size-woocommerce_thumbnail\" alt=\"Pakiet 3 ksi\u0105\u017ceczek - miksuj dowolnie\" srcset=\"https:\/\/fundacja.izba-lekarska.org.pl\/wp-content\/uploads\/2024\/10\/Miksuj_3-324x324.jpg 324w, https:\/\/fundacja.izba-lekarska.org.pl\/wp-content\/uploads\/2024\/10\/Miksuj_3-300x300.jpg 300w, https:\/\/fundacja.izba-lekarska.org.pl\/wp-content\/uploads\/2024\/10\/Miksuj_3-1024x1024.jpg 1024w, https:\/\/fundacja.izba-lekarska.org.pl\/wp-content\/uploads\/2024\/10\/Miksuj_3-150x150.jpg 150w, https:\/\/fundacja.izba-lekarska.org.pl\/wp-content\/uploads\/2024\/10\/Miksuj_3-768x768.jpg 768w, https:\/\/fundacja.izba-lekarska.org.pl\/wp-content\/uploads\/2024\/10\/Miksuj_3-416x416.jpg 416w, https:\/\/fundacja.izba-lekarska.org.pl\/wp-content\/uploads\/2024\/10\/Miksuj_3-100x100.jpg 100w, https:\/\/fundacja.izba-lekarska.org.pl\/wp-content\/uploads\/2024\/10\/Miksuj_3.jpg 1080w\" sizes=\"auto, (max-width: 324px) 100vw, 324px\" \/><\/div>\n\t\t\t\t\t<div class=\"wc-block-grid__product-title\">Pakiet 3 ksi\u0105\u017ceczek &#8211; miksuj dowolnie<\/div>\n\t\t\t\t<\/a>\n\t\t\t\t<div class=\"wc-block-grid__product-price price\"><span class=\"woocommerce-Price-amount amount\">30,00&nbsp;<span class=\"woocommerce-Price-currencySymbol\">&#122;&#322;<\/span><\/span><\/div>\n\t\t\t\t\n\t\t\t\t<div class=\"wp-block-button wc-block-grid__product-add-to-cart\"><a href=\"?add-to-cart=2000\" aria-label=\"Dodaj do koszyka: &bdquo;Pakiet 3 ksi\u0105\u017ceczek - miksuj dowolnie&rdquo;\" data-quantity=\"1\" data-product_id=\"2000\" data-product_sku=\"\" data-price=\"30\" rel=\"nofollow\" class=\"wp-block-button__link  add_to_cart_button ajax_add_to_cart\">Dodaj do koszyka<\/a><\/div>\n\t\t\t<\/li><li class=\"wc-block-grid__product\">\n\t\t\t\t<a href=\"https:\/\/fundacja.izba-lekarska.org.pl\/index.php\/produkt\/jak-to-jest-ze-slychac-dzwieki\/\" class=\"wc-block-grid__product-link\">\n\t\t\t\t\t\n\t\t\t\t\t<div class=\"wc-block-grid__product-image\"><img loading=\"lazy\" decoding=\"async\" width=\"324\" height=\"324\" src=\"https:\/\/fundacja.izba-lekarska.org.pl\/wp-content\/uploads\/2024\/10\/okladka_6-324x324.jpg\" class=\"attachment-woocommerce_thumbnail size-woocommerce_thumbnail\" alt=\"Jak to jest, \u017ce s\u0142ycha\u0107 d\u017awi\u0119ki?\" srcset=\"https:\/\/fundacja.izba-lekarska.org.pl\/wp-content\/uploads\/2024\/10\/okladka_6-324x324.jpg 324w, https:\/\/fundacja.izba-lekarska.org.pl\/wp-content\/uploads\/2024\/10\/okladka_6-300x300.jpg 300w, https:\/\/fundacja.izba-lekarska.org.pl\/wp-content\/uploads\/2024\/10\/okladka_6-1024x1024.jpg 1024w, https:\/\/fundacja.izba-lekarska.org.pl\/wp-content\/uploads\/2024\/10\/okladka_6-150x150.jpg 150w, https:\/\/fundacja.izba-lekarska.org.pl\/wp-content\/uploads\/2024\/10\/okladka_6-768x768.jpg 768w, https:\/\/fundacja.izba-lekarska.org.pl\/wp-content\/uploads\/2024\/10\/okladka_6-1536x1536.jpg 1536w, https:\/\/fundacja.izba-lekarska.org.pl\/wp-content\/uploads\/2024\/10\/okladka_6-2048x2048.jpg 2048w, https:\/\/fundacja.izba-lekarska.org.pl\/wp-content\/uploads\/2024\/10\/okladka_6-416x416.jpg 416w, https:\/\/fundacja.izba-lekarska.org.pl\/wp-content\/uploads\/2024\/10\/okladka_6-100x100.jpg 100w\" sizes=\"auto, (max-width: 324px) 100vw, 324px\" \/><\/div>\n\t\t\t\t\t<div class=\"wc-block-grid__product-title\">Jak to jest, \u017ce s\u0142ycha\u0107 d\u017awi\u0119ki?<\/div>\n\t\t\t\t<\/a>\n\t\t\t\t<div class=\"wc-block-grid__product-price price\"><span class=\"woocommerce-Price-amount amount\">12,00&nbsp;<span class=\"woocommerce-Price-currencySymbol\">&#122;&#322;<\/span><\/span><\/div>\n\t\t\t\t\n\t\t\t\t<div class=\"wp-block-button wc-block-grid__product-add-to-cart\"><a href=\"?add-to-cart=1986\" aria-label=\"Dodaj do koszyka: &bdquo;Jak to jest, \u017ce s\u0142ycha\u0107 d\u017awi\u0119ki?&rdquo;\" data-quantity=\"1\" data-product_id=\"1986\" data-product_sku=\"\" data-price=\"12\" rel=\"nofollow\" class=\"wp-block-button__link  add_to_cart_button ajax_add_to_cart\">Dodaj do koszyka<\/a><\/div>\n\t\t\t<\/li><\/ul><\/div>","protected":false},"excerpt":{"rendered":"<p>Nowe produkty<\/p>\n","protected":false},"author":1,"featured_media":0,"parent":0,"menu_order":0,"comment_status":"closed","ping_status":"closed","template":"template-fullwidth.php","meta":{"footnotes":""},"class_list":["post-28","page","type-page","status-publish","hentry"],"aioseo_notices":[],"_links":{"self":[{"href":"https:\/\/fundacja.izba-lekarska.org.pl\/index.php\/wp-json\/wp\/v2\/pages\/28","targetHints":{"allow":["GET"]}}],"collection":[{"href":"https:\/\/fundacja.izba-lekarska.org.pl\/index.php\/wp-json\/wp\/v2\/pages"}],"about":[{"href":"https:\/\/fundacja.izba-lekarska.org.pl\/index.php\/wp-json\/wp\/v2\/types\/page"}],"author":[{"embeddable":true,"href":"https:\/\/fundacja.izba-lekarska.org.pl\/index.php\/wp-json\/wp\/v2\/users\/1"}],"replies":[{"embeddable":true,"href":"https:\/\/fundacja.izba-lekarska.org.pl\/index.php\/wp-json\/wp\/v2\/comments?post=28"}],"version-history":[{"count":2,"href":"https:\/\/fundacja.izba-lekarska.org.pl\/index.php\/wp-json\/wp\/v2\/pages\/28\/revisions"}],"predecessor-version":[{"id":32,"href":"https:\/\/fundacja.izba-lekarska.org.pl\/index.php\/wp-json\/wp\/v2\/pages\/28\/revisions\/32"}],"wp:attachment":[{"href":"https:\/\/fundacja.izba-lekarska.org.pl\/index.php\/wp-json\/wp\/v2\/media?parent=28"}],"curies":[{"name":"wp","href":"https:\/\/api.w.org\/{rel}","templated":true}]}}