{"id":1719,"date":"2024-03-07T10:16:56","date_gmt":"2024-03-07T09:16:56","guid":{"rendered":"https:\/\/fundacja.izba-lekarska.org.pl\/?post_type=product&#038;p=1719"},"modified":"2026-02-24T09:04:43","modified_gmt":"2026-02-24T08:04:43","slug":"jak-jest-zbudowany-czlowiek","status":"publish","type":"product","link":"https:\/\/fundacja.izba-lekarska.org.pl\/index.php\/produkt\/jak-jest-zbudowany-czlowiek\/","title":{"rendered":"Jak jest zbudowany cz\u0142owiek?"},"content":{"rendered":"<p>Fundacja Pro Medico wyda\u0142a wiersz dr. Jacka Sroczyn\u0301skiego \u201eJak jest zbudowany cz\u0142owiek\u201d, w formie ksi\u0105\u017cki dla dzieci. Ilustracje powsta\u0142y w S\u0301la\u0328skiej Izbie Lekarskiej, ich autorka\u0328 jest Wiktoria Kot. Wiersz, w przyst\u0119pny spos\u00f3b, t\u0142umaczy tajemnice ludzkiego organizmu, opowiada o narz\u0105dach, ko\u015bciach, kom\u00f3rkach i tkankach. Opisane w nim zosta\u0142y podstawowe funkcje \u017cyciowe takie jak oddychanie czy jedzenie. Ksia\u0328z\u0307eczke\u0328 moz\u0307na nabyc\u0301 tak\u017ce w S\u0301la\u0328skiej Izbie Lekarskiej. Opracowanie jest dobrym prezentem dla wszystkich dzieci, w szczeg\u00f3lno\u015bci ma\u0142ych pacjent\u00f3w odwiedzaja\u0328cych gabinety lekarskie.<\/p>\n","protected":false},"excerpt":{"rendered":"<p>Autor: dr Jacek Sroczy\u0144ski<br \/>\nWydanie I, Katowice 2024<br \/>\nISBN: 978-83-966211-3-9<br \/>\nWydawnictwo: Fundacja Pro Medico \u015al\u0105skiej Izby Lekarskiej w Katowicach<\/p>\n","protected":false},"featured_media":1717,"template":"","meta":[],"product_brand":[],"product_cat":[16],"product_tag":[],"class_list":{"0":"post-1719","1":"product","2":"type-product","3":"status-publish","4":"has-post-thumbnail","6":"product_cat-ksiazki","7":"product_shipping_class-ks","9":"first","10":"instock","11":"shipping-taxable","12":"purchasable","13":"product-type-simple"},"aioseo_notices":[],"_links":{"self":[{"href":"https:\/\/fundacja.izba-lekarska.org.pl\/index.php\/wp-json\/wp\/v2\/product\/1719","targetHints":{"allow":["GET"]}}],"collection":[{"href":"https:\/\/fundacja.izba-lekarska.org.pl\/index.php\/wp-json\/wp\/v2\/product"}],"about":[{"href":"https:\/\/fundacja.izba-lekarska.org.pl\/index.php\/wp-json\/wp\/v2\/types\/product"}],"wp:featuredmedia":[{"embeddable":true,"href":"https:\/\/fundacja.izba-lekarska.org.pl\/index.php\/wp-json\/wp\/v2\/media\/1717"}],"wp:attachment":[{"href":"https:\/\/fundacja.izba-lekarska.org.pl\/index.php\/wp-json\/wp\/v2\/media?parent=1719"}],"wp:term":[{"taxonomy":"product_brand","embeddable":true,"href":"https:\/\/fundacja.izba-lekarska.org.pl\/index.php\/wp-json\/wp\/v2\/product_brand?post=1719"},{"taxonomy":"product_cat","embeddable":true,"href":"https:\/\/fundacja.izba-lekarska.org.pl\/index.php\/wp-json\/wp\/v2\/product_cat?post=1719"},{"taxonomy":"product_tag","embeddable":true,"href":"https:\/\/fundacja.izba-lekarska.org.pl\/index.php\/wp-json\/wp\/v2\/product_tag?post=1719"}],"curies":[{"name":"wp","href":"https:\/\/api.w.org\/{rel}","templated":true}]}}