{"id":1720,"date":"2024-03-07T10:19:12","date_gmt":"2024-03-07T09:19:12","guid":{"rendered":"https:\/\/fundacja.izba-lekarska.org.pl\/?post_type=product&#038;p=1720"},"modified":"2026-01-25T18:23:03","modified_gmt":"2026-01-25T17:23:03","slug":"pakiet-3-ksiazeczek-dla-dzieci","status":"publish","type":"product","link":"https:\/\/fundacja.izba-lekarska.org.pl\/index.php\/produkt\/pakiet-3-ksiazeczek-dla-dzieci\/","title":{"rendered":"Pakiet 3 ksi\u0105\u017ceczek dla dzieci"},"content":{"rendered":"<p>Fundacja Pro Medico wyda\u0142a wiersze dra. Jacka Sroczyn\u0301skiego w formie ksi\u0105\u017ceczek dla dzieci &#8211; \u201eJak miec\u0301 pie\u0328kne, zdrowe ze\u0328by\u201d, \u201eSk\u0105d si\u0119 bior\u0105 dzieci w \u015bwiecie?\u201d oraz \u201eJak jest zbudowany cz\u0142owiek\u201d. Opracowania s\u0105 dobrym prezentem dla wszystkich dzieci, w szczeg\u00f3lno\u015bci ma\u0142ych pacjent\u00f3w odwiedzaj\u0105cych gabinety lekarskie.<\/p>\n<p>&nbsp;<\/p>\n","protected":false},"excerpt":{"rendered":"<p>Autor: dr Jacek Sroczy\u0144ski<br \/>\nWydanie I, Katowice 2022\/2024<br \/>\nISBN: 978-83-966211-0-8<br \/>\nISBN: 978-83-966211-4-6<br \/>\nISBN: 978-83-966211-3-9<br \/>\nWydawnictwo: Fundacja Pro Medico \u015al\u0105skiej Izby Lekarskiej w Katowicach<\/p>\n","protected":false},"featured_media":1721,"template":"","meta":[],"product_brand":[],"product_cat":[16],"product_tag":[],"class_list":{"0":"post-1720","1":"product","2":"type-product","3":"status-publish","4":"has-post-thumbnail","6":"product_cat-ksiazki","7":"product_shipping_class-ks","9":"first","10":"instock","11":"shipping-taxable","12":"purchasable","13":"product-type-simple"},"aioseo_notices":[],"_links":{"self":[{"href":"https:\/\/fundacja.izba-lekarska.org.pl\/index.php\/wp-json\/wp\/v2\/product\/1720","targetHints":{"allow":["GET"]}}],"collection":[{"href":"https:\/\/fundacja.izba-lekarska.org.pl\/index.php\/wp-json\/wp\/v2\/product"}],"about":[{"href":"https:\/\/fundacja.izba-lekarska.org.pl\/index.php\/wp-json\/wp\/v2\/types\/product"}],"wp:featuredmedia":[{"embeddable":true,"href":"https:\/\/fundacja.izba-lekarska.org.pl\/index.php\/wp-json\/wp\/v2\/media\/1721"}],"wp:attachment":[{"href":"https:\/\/fundacja.izba-lekarska.org.pl\/index.php\/wp-json\/wp\/v2\/media?parent=1720"}],"wp:term":[{"taxonomy":"product_brand","embeddable":true,"href":"https:\/\/fundacja.izba-lekarska.org.pl\/index.php\/wp-json\/wp\/v2\/product_brand?post=1720"},{"taxonomy":"product_cat","embeddable":true,"href":"https:\/\/fundacja.izba-lekarska.org.pl\/index.php\/wp-json\/wp\/v2\/product_cat?post=1720"},{"taxonomy":"product_tag","embeddable":true,"href":"https:\/\/fundacja.izba-lekarska.org.pl\/index.php\/wp-json\/wp\/v2\/product_tag?post=1720"}],"curies":[{"name":"wp","href":"https:\/\/api.w.org\/{rel}","templated":true}]}}