{"id":18,"date":"2023-01-04T14:13:18","date_gmt":"2023-01-04T13:13:18","guid":{"rendered":"https:\/\/fundacja.izba-lekarska.org.pl\/?post_type=product&#038;p=18"},"modified":"2026-04-19T15:44:49","modified_gmt":"2026-04-19T13:44:49","slug":"ekg-dla-lekarza-rodzinnego-atlas","status":"publish","type":"product","link":"https:\/\/fundacja.izba-lekarska.org.pl\/index.php\/produkt\/ekg-dla-lekarza-rodzinnego-atlas\/","title":{"rendered":"EKG dla lekarza rodzinnego. Atlas"},"content":{"rendered":"<div>Fundacja Pro Medico wyda\u0142a ksi\u0105\u017ck\u0119 <strong>&#8222;EKG dla lekarza rodzinnego. Atlas&#8221;.<\/strong> Autorami publikacji s\u0105 dr n. med. Ireneusz Szymczyk, konsultant wojew\u00f3dzki w dziedzinie medycyny rodzinnej i dr n. med. B\u0142a\u017cej Kusz, specjalista kardiologii. Jej celem jest u\u0142atwienie interpretacji elektrokardiogramu lekarzowi pracuj\u0105cemu w plac\u00f3wce POZ. W Atlasie znalaz\u0142y si\u0119 elektrokardiogramy zarejestrowane w ci\u0105gu kilkunastu lat w dw\u00f3ch praktykach lekarza rodzinnego. Lekarze pracuj\u0105cy w POZ cz\u0119sto maj\u0105 do czynienia z pacjentami skar\u017c\u0105cymi si\u0119 na dolegliwo\u015bci sercowe stanowi\u0105ce zagro\u017cenie dla zdrowia i \u017cycia. Podr\u0119cznik przedstawia 100 r\u00f3\u017cnych zapis\u00f3w EKG i wyja\u015bnia, jak krok po kroku, odczytywa\u0107 i interpretowa\u0107 krzywe.<\/div>\n<div class=\"default-style\"><\/div>\n","protected":false},"excerpt":{"rendered":"<p>Autorzy: dr n. med Ireneusz Szymczyk, dr n. med. B\u0142a\u017cej Kusz<br \/>\nISBN: 978-83-974133-1-3<br \/>\nWydawca: Fundacja Pro Medico \u015al\u0105skiej Izby Lekarskiej w Katowicach<\/p>\n<p>Wydanie drugie 2025<\/p>\n<p>&nbsp;<\/p>\n","protected":false},"featured_media":63,"template":"","meta":[],"product_brand":[],"product_cat":[16],"product_tag":[],"class_list":{"0":"post-18","1":"product","2":"type-product","3":"status-publish","4":"has-post-thumbnail","6":"product_cat-ksiazki","7":"product_shipping_class-ks","9":"first","10":"instock","11":"featured","12":"shipping-taxable","13":"purchasable","14":"product-type-simple"},"aioseo_notices":[],"_links":{"self":[{"href":"https:\/\/fundacja.izba-lekarska.org.pl\/index.php\/wp-json\/wp\/v2\/product\/18","targetHints":{"allow":["GET"]}}],"collection":[{"href":"https:\/\/fundacja.izba-lekarska.org.pl\/index.php\/wp-json\/wp\/v2\/product"}],"about":[{"href":"https:\/\/fundacja.izba-lekarska.org.pl\/index.php\/wp-json\/wp\/v2\/types\/product"}],"wp:featuredmedia":[{"embeddable":true,"href":"https:\/\/fundacja.izba-lekarska.org.pl\/index.php\/wp-json\/wp\/v2\/media\/63"}],"wp:attachment":[{"href":"https:\/\/fundacja.izba-lekarska.org.pl\/index.php\/wp-json\/wp\/v2\/media?parent=18"}],"wp:term":[{"taxonomy":"product_brand","embeddable":true,"href":"https:\/\/fundacja.izba-lekarska.org.pl\/index.php\/wp-json\/wp\/v2\/product_brand?post=18"},{"taxonomy":"product_cat","embeddable":true,"href":"https:\/\/fundacja.izba-lekarska.org.pl\/index.php\/wp-json\/wp\/v2\/product_cat?post=18"},{"taxonomy":"product_tag","embeddable":true,"href":"https:\/\/fundacja.izba-lekarska.org.pl\/index.php\/wp-json\/wp\/v2\/product_tag?post=18"}],"curies":[{"name":"wp","href":"https:\/\/api.w.org\/{rel}","templated":true}]}}