{"id":1986,"date":"2024-10-21T19:48:30","date_gmt":"2024-10-21T17:48:30","guid":{"rendered":"https:\/\/fundacja.izba-lekarska.org.pl\/?post_type=product&#038;p=1986"},"modified":"2026-04-01T12:50:02","modified_gmt":"2026-04-01T10:50:02","slug":"jak-to-jest-ze-slychac-dzwieki","status":"publish","type":"product","link":"https:\/\/fundacja.izba-lekarska.org.pl\/index.php\/produkt\/jak-to-jest-ze-slychac-dzwieki\/","title":{"rendered":"Jak to jest, \u017ce s\u0142ycha\u0107 d\u017awi\u0119ki?"},"content":{"rendered":"<p>Fundacja Pro Medico wyda\u0142a kolejn\u0105 ksi\u0105\u017ceczk\u0119 dla dzieci dr. Jacka Sroczy\u0144skiego \u201eJak to jest, \u017ce s\u0142ycha\u0107 d\u017awi\u0119ki?\u201d<br \/>\nOd szumu drzew, \u015bpiewu ptak\u00f3w, a\u017c po ulubione piosenki \u2013 ta ksi\u0105\u017cka t\u0142umaczy w jaki spos\u00f3b fale d\u017awi\u0119kowe trafiaj\u0105 do uszu, co dzieje si\u0119 w uchu wewn\u0119trznym oraz jak dba\u0107 o sw\u00f3j s\u0142uch. Nauka o cz\u0142owieku w formie wierszy? Tak, to mo\u017cliwe!<\/p>\n<p>Ksia\u0328z\u0307eczke\u0328 moz\u0307na nabyc\u0301 tak\u017ce w S\u0301la\u0328skiej Izbie Lekarskiej. Opracowanie jest dobrym prezentem dla wszystkich dzieci, w szczeg\u00f3lno\u015bci ma\u0142ych pacjent\u00f3w odwiedzaja\u0328cych gabinety lekarskie.<\/p>\n","protected":false},"excerpt":{"rendered":"<p>Autor: dr Jacek Sroczy\u0144ski<br \/>\nWydanie I, Katowice 2024<br \/>\nISBN: 978-83-966211-9-1<br \/>\nWydawnictwo: Fundacja Pro Medico \u015al\u0105skiej Izby Lekarskiej w Katowicach<\/p>\n","protected":false},"featured_media":1987,"template":"","meta":[],"product_brand":[],"product_cat":[16],"product_tag":[],"class_list":{"0":"post-1986","1":"product","2":"type-product","3":"status-publish","4":"has-post-thumbnail","6":"product_cat-ksiazki","7":"product_shipping_class-ks","9":"first","10":"instock","11":"shipping-taxable","12":"purchasable","13":"product-type-simple"},"aioseo_notices":[],"_links":{"self":[{"href":"https:\/\/fundacja.izba-lekarska.org.pl\/index.php\/wp-json\/wp\/v2\/product\/1986","targetHints":{"allow":["GET"]}}],"collection":[{"href":"https:\/\/fundacja.izba-lekarska.org.pl\/index.php\/wp-json\/wp\/v2\/product"}],"about":[{"href":"https:\/\/fundacja.izba-lekarska.org.pl\/index.php\/wp-json\/wp\/v2\/types\/product"}],"wp:featuredmedia":[{"embeddable":true,"href":"https:\/\/fundacja.izba-lekarska.org.pl\/index.php\/wp-json\/wp\/v2\/media\/1987"}],"wp:attachment":[{"href":"https:\/\/fundacja.izba-lekarska.org.pl\/index.php\/wp-json\/wp\/v2\/media?parent=1986"}],"wp:term":[{"taxonomy":"product_brand","embeddable":true,"href":"https:\/\/fundacja.izba-lekarska.org.pl\/index.php\/wp-json\/wp\/v2\/product_brand?post=1986"},{"taxonomy":"product_cat","embeddable":true,"href":"https:\/\/fundacja.izba-lekarska.org.pl\/index.php\/wp-json\/wp\/v2\/product_cat?post=1986"},{"taxonomy":"product_tag","embeddable":true,"href":"https:\/\/fundacja.izba-lekarska.org.pl\/index.php\/wp-json\/wp\/v2\/product_tag?post=1986"}],"curies":[{"name":"wp","href":"https:\/\/api.w.org\/{rel}","templated":true}]}}