{"id":2006,"date":"2024-10-23T11:11:27","date_gmt":"2024-10-23T09:11:27","guid":{"rendered":"https:\/\/fundacja.izba-lekarska.org.pl\/?post_type=product&#038;p=2006"},"modified":"2026-03-19T09:55:22","modified_gmt":"2026-03-19T08:55:22","slug":"pakiet-6-ksiazeczek-miksuj-dowolnie","status":"publish","type":"product","link":"https:\/\/fundacja.izba-lekarska.org.pl\/index.php\/produkt\/pakiet-6-ksiazeczek-miksuj-dowolnie\/","title":{"rendered":"Pakiet 6 ksi\u0105\u017ceczek &#8211; miksuj dowolnie"},"content":{"rendered":"<p><strong>Pakiet 6 ksi\u0105\u017ceczek dla dzieci &#8211; <\/strong>Tytu\u0142y ksi\u0105\u017cek dla dzieci mo\u017cna miesza\u0107 dowolnie:<br \/>\n&#8211; Sk\u0105d si\u0119 bior\u0105 dzieci w \u015bwiecie?<br \/>\n&#8211; Jak mie\u0107 pi\u0119kne, zdrowe z\u0119by<br \/>\n&#8211; Jak jest zbudowany cz\u0142owiek?<br \/>\n&#8211; Jak to jest, \u017ce s\u0142ycha\u0107 d\u017awi\u0119ki?<br \/>\n&#8211; Jak i sk\u0105d si\u0119 bierze g\u0142os?<br \/>\n&#8211; Jak i czemu widz\u0119 \u015bwiat?<br \/>\n<em>Wybrane tytu\u0142y prosimy wpisa\u0107 w uwagach do zam\u00f3wienia (po wpisaniu adresu dostawy).<\/em><\/p>\n","protected":false},"excerpt":{"rendered":"<p>Autor: dr Jacek Sroczy\u0144ski<br \/>\nWydanie I, Katowice 2024<\/p>\n<p>Wydawnictwo: Fundacja Pro Medico \u015al\u0105skiej Izby Lekarskiej w Katowicach<\/p>\n","protected":false},"featured_media":2007,"template":"","meta":[],"product_brand":[],"product_cat":[16],"product_tag":[],"class_list":{"0":"post-2006","1":"product","2":"type-product","3":"status-publish","4":"has-post-thumbnail","6":"product_cat-ksiazki","7":"product_shipping_class-ks","9":"first","10":"instock","11":"shipping-taxable","12":"purchasable","13":"product-type-simple"},"aioseo_notices":[],"_links":{"self":[{"href":"https:\/\/fundacja.izba-lekarska.org.pl\/index.php\/wp-json\/wp\/v2\/product\/2006","targetHints":{"allow":["GET"]}}],"collection":[{"href":"https:\/\/fundacja.izba-lekarska.org.pl\/index.php\/wp-json\/wp\/v2\/product"}],"about":[{"href":"https:\/\/fundacja.izba-lekarska.org.pl\/index.php\/wp-json\/wp\/v2\/types\/product"}],"wp:featuredmedia":[{"embeddable":true,"href":"https:\/\/fundacja.izba-lekarska.org.pl\/index.php\/wp-json\/wp\/v2\/media\/2007"}],"wp:attachment":[{"href":"https:\/\/fundacja.izba-lekarska.org.pl\/index.php\/wp-json\/wp\/v2\/media?parent=2006"}],"wp:term":[{"taxonomy":"product_brand","embeddable":true,"href":"https:\/\/fundacja.izba-lekarska.org.pl\/index.php\/wp-json\/wp\/v2\/product_brand?post=2006"},{"taxonomy":"product_cat","embeddable":true,"href":"https:\/\/fundacja.izba-lekarska.org.pl\/index.php\/wp-json\/wp\/v2\/product_cat?post=2006"},{"taxonomy":"product_tag","embeddable":true,"href":"https:\/\/fundacja.izba-lekarska.org.pl\/index.php\/wp-json\/wp\/v2\/product_tag?post=2006"}],"curies":[{"name":"wp","href":"https:\/\/api.w.org\/{rel}","templated":true}]}}