{"id":2054,"date":"2025-01-08T12:36:10","date_gmt":"2025-01-08T11:36:10","guid":{"rendered":"https:\/\/fundacja.izba-lekarska.org.pl\/?post_type=product&#038;p=2054"},"modified":"2026-04-15T21:57:36","modified_gmt":"2026-04-15T19:57:36","slug":"dobre-rady-z-poradnika-wspanialego-zawodnika","status":"publish","type":"product","link":"https:\/\/fundacja.izba-lekarska.org.pl\/index.php\/produkt\/dobre-rady-z-poradnika-wspanialego-zawodnika\/","title":{"rendered":"Dobre rady z poradnika wspania\u0142ego zawodnika"},"content":{"rendered":"<p>Fundacja Pro Medico wyda\u0142a broszurk\u0119 dla dzieci w formie wiersza \u201eDobre rady z poradnika wspania\u0142ego zawodnika\u201d &#8211; kr\u00f3tki poradnik dla dzieci jak si\u0119 przygotowa\u0107 do wyjazdu na narty.<br \/>\nAutorem jest dr Jacek Sroczy\u0144ski<br \/>\nIlustracje wykona\u0142a dr Karolina Miku\u015b-Zag\u00f3rska<br \/>\nKsia\u0328z\u0307eczke\u0328 moz\u0307na nabyc\u0301 tak\u017ce w S\u0301la\u0328skiej Izbie Lekarskiej. Opracowanie jest dobrym prezentem dla wszystkich dzieci, w szczeg\u00f3lno\u015bci ma\u0142ych pacjent\u00f3w odwiedzaja\u0328cych gabinety lekarskie.<\/p>\n","protected":false},"excerpt":{"rendered":"<p>Fundacja Pro Medico wyda\u0142a broszurk\u0119 dla dzieci w formie wiersza \u201eDobre rady z poradnika wspania\u0142ego zawodnika\u201d &#8211; kr\u00f3tki poradnik dla dzieci jak si\u0119 przygotowa\u0107 do wyjazdu na narty. Autorem jest dr Jacek Sroczy\u0144ski Ilustracje wykona\u0142a dr Karolina Miku\u015b-Zag\u00f3rska Ksia\u0328z\u0307eczke\u0328 moz\u0307na nabyc\u0301 tak\u017ce w S\u0301la\u0328skiej Izbie Lekarskiej. Opracowanie jest dobrym prezentem dla wszystkich dzieci, w szczeg\u00f3lno\u015bci [&hellip;]<\/p>\n","protected":false},"featured_media":2055,"template":"","meta":[],"product_brand":[],"product_cat":[16],"product_tag":[],"class_list":{"0":"post-2054","1":"product","2":"type-product","3":"status-publish","4":"has-post-thumbnail","6":"product_cat-ksiazki","7":"product_shipping_class-ks","9":"first","10":"instock","11":"shipping-taxable","12":"purchasable","13":"product-type-simple"},"aioseo_notices":[],"_links":{"self":[{"href":"https:\/\/fundacja.izba-lekarska.org.pl\/index.php\/wp-json\/wp\/v2\/product\/2054","targetHints":{"allow":["GET"]}}],"collection":[{"href":"https:\/\/fundacja.izba-lekarska.org.pl\/index.php\/wp-json\/wp\/v2\/product"}],"about":[{"href":"https:\/\/fundacja.izba-lekarska.org.pl\/index.php\/wp-json\/wp\/v2\/types\/product"}],"wp:featuredmedia":[{"embeddable":true,"href":"https:\/\/fundacja.izba-lekarska.org.pl\/index.php\/wp-json\/wp\/v2\/media\/2055"}],"wp:attachment":[{"href":"https:\/\/fundacja.izba-lekarska.org.pl\/index.php\/wp-json\/wp\/v2\/media?parent=2054"}],"wp:term":[{"taxonomy":"product_brand","embeddable":true,"href":"https:\/\/fundacja.izba-lekarska.org.pl\/index.php\/wp-json\/wp\/v2\/product_brand?post=2054"},{"taxonomy":"product_cat","embeddable":true,"href":"https:\/\/fundacja.izba-lekarska.org.pl\/index.php\/wp-json\/wp\/v2\/product_cat?post=2054"},{"taxonomy":"product_tag","embeddable":true,"href":"https:\/\/fundacja.izba-lekarska.org.pl\/index.php\/wp-json\/wp\/v2\/product_tag?post=2054"}],"curies":[{"name":"wp","href":"https:\/\/api.w.org\/{rel}","templated":true}]}}