{"id":2389,"date":"2025-10-01T14:13:59","date_gmt":"2025-10-01T12:13:59","guid":{"rendered":"https:\/\/fundacja.izba-lekarska.org.pl\/?post_type=product&#038;p=2389"},"modified":"2026-03-19T09:55:22","modified_gmt":"2026-03-19T08:55:22","slug":"puzzle-500-elementow-spik-i-szpeniol-katowickie-beboki","status":"publish","type":"product","link":"https:\/\/fundacja.izba-lekarska.org.pl\/index.php\/produkt\/puzzle-500-elementow-spik-i-szpeniol-katowickie-beboki\/","title":{"rendered":"Puzzle 500 element\u00f3w \u2013 \u015apik i Szpeniol, katowickie beboki"},"content":{"rendered":"<p data-start=\"121\" data-end=\"184\"><strong data-start=\"121\" data-end=\"182\">Puzzle 500 element\u00f3w \u2013 \u015apik i Szpeniol, katowickie beboki<\/strong><\/p>\n<p data-start=\"186\" data-end=\"391\">Unikalny zestaw puzzli stworzony przez <strong data-start=\"225\" data-end=\"249\">\u015al\u0105sk\u0105 Izb\u0119 Lekarsk\u0105<\/strong>, przedstawiaj\u0105cy dwie postacie \u015bl\u0105skich bebok\u00f3w \u2013 <strong data-start=\"308\" data-end=\"329\">\u015apika i Szpeniola<\/strong>, czyli mistrza i ucznia w niezwyk\u0142ej, katowickiej scenerii.<\/p>\n<p data-start=\"393\" data-end=\"640\">Uk\u0142adanka sk\u0142ada si\u0119 z <strong data-start=\"416\" data-end=\"433\">500 element\u00f3w<\/strong>, kt\u00f3re po u\u0142o\u017ceniu tworz\u0105 barwn\u0105 i pe\u0142n\u0105 charakteru ilustracj\u0119 inspirowan\u0105 zawodem lekarza. To nie tylko \u015bwietna zabawa, ale te\u017c wyj\u0105tkowa okazja, by zetkn\u0105\u0107 si\u0119 z lokalnym folklorem w nowoczesnej formie.<\/p>\n<p data-start=\"642\" data-end=\"666\">\ud83c\udfa8 <strong data-start=\"645\" data-end=\"664\">Dlaczego warto?<\/strong><\/p>\n<ul data-start=\"667\" data-end=\"950\">\n<li data-start=\"667\" data-end=\"741\">\n<p data-start=\"669\" data-end=\"741\">Oryginalny motyw \u2013 \u015apik i Szpeniol, dwie postacie katowickich bebok\u00f3w.<\/p>\n<\/li>\n<li data-start=\"742\" data-end=\"805\">\n<p data-start=\"744\" data-end=\"805\">Wysoka jako\u015b\u0107 \u2013 grube, trwa\u0142e elementy idealnie dopasowane.<\/p>\n<\/li>\n<li data-start=\"806\" data-end=\"887\">\n<p data-start=\"808\" data-end=\"887\">500 element\u00f3w \u2013 idealna r\u00f3wnowaga mi\u0119dzy wyzwaniem a przyjemno\u015bci\u0105 uk\u0142adania.<\/p>\n<\/li>\n<li data-start=\"888\" data-end=\"950\">\n<p data-start=\"890\" data-end=\"950\">Limitowana edycja przygotowana przez \u015al\u0105sk\u0105 Izb\u0119 Lekarsk\u0105.<\/p>\n<\/li>\n<\/ul>\n<p data-start=\"952\" data-end=\"1065\">Puzzle b\u0119d\u0105 \u015bwietnym prezentem, pami\u0105tk\u0105 ze \u015al\u0105ska i okazj\u0105 do sp\u0119dzenia czasu w gronie rodziny lub przyjaci\u00f3\u0142.<\/p>\n","protected":false},"excerpt":{"rendered":"<p>Unikalny zestaw puzzli stworzony przez <strong data-start=\"225\" data-end=\"249\">\u015al\u0105sk\u0105 Izb\u0119 Lekarsk\u0105<\/strong>, przedstawiaj\u0105cy dwie postacie \u015bl\u0105skich bebok\u00f3w \u2013 <strong data-start=\"308\" data-end=\"329\">\u015apika i Szpeniola<\/strong>, czyli mistrza i ucznia w niezwyk\u0142ej, katowickiej scenerii.<\/p>\n","protected":false},"featured_media":2390,"template":"","meta":[],"product_brand":[],"product_cat":[15],"product_tag":[],"class_list":{"0":"post-2389","1":"product","2":"type-product","3":"status-publish","4":"has-post-thumbnail","6":"product_cat-bez-kategorii","7":"product_shipping_class-puzzle","9":"first","10":"instock","11":"shipping-taxable","12":"purchasable","13":"product-type-simple"},"aioseo_notices":[],"_links":{"self":[{"href":"https:\/\/fundacja.izba-lekarska.org.pl\/index.php\/wp-json\/wp\/v2\/product\/2389","targetHints":{"allow":["GET"]}}],"collection":[{"href":"https:\/\/fundacja.izba-lekarska.org.pl\/index.php\/wp-json\/wp\/v2\/product"}],"about":[{"href":"https:\/\/fundacja.izba-lekarska.org.pl\/index.php\/wp-json\/wp\/v2\/types\/product"}],"wp:featuredmedia":[{"embeddable":true,"href":"https:\/\/fundacja.izba-lekarska.org.pl\/index.php\/wp-json\/wp\/v2\/media\/2390"}],"wp:attachment":[{"href":"https:\/\/fundacja.izba-lekarska.org.pl\/index.php\/wp-json\/wp\/v2\/media?parent=2389"}],"wp:term":[{"taxonomy":"product_brand","embeddable":true,"href":"https:\/\/fundacja.izba-lekarska.org.pl\/index.php\/wp-json\/wp\/v2\/product_brand?post=2389"},{"taxonomy":"product_cat","embeddable":true,"href":"https:\/\/fundacja.izba-lekarska.org.pl\/index.php\/wp-json\/wp\/v2\/product_cat?post=2389"},{"taxonomy":"product_tag","embeddable":true,"href":"https:\/\/fundacja.izba-lekarska.org.pl\/index.php\/wp-json\/wp\/v2\/product_tag?post=2389"}],"curies":[{"name":"wp","href":"https:\/\/api.w.org\/{rel}","templated":true}]}}