{"id":2492,"date":"2025-12-03T15:28:09","date_gmt":"2025-12-03T14:28:09","guid":{"rendered":"https:\/\/fundacja.izba-lekarska.org.pl\/?post_type=product&#038;p=2492"},"modified":"2026-03-19T09:55:22","modified_gmt":"2026-03-19T08:55:22","slug":"liryka-dla-medyka","status":"publish","type":"product","link":"https:\/\/fundacja.izba-lekarska.org.pl\/index.php\/produkt\/liryka-dla-medyka\/","title":{"rendered":"Liryka dla medyka"},"content":{"rendered":"<p>Liryka dla medyka\u201d jest unikalnym zbiorem rymowanych felieton\u00f3w, kt\u00f3ry \u0142\u0105czy \u015bwiat medycyny z humorem i refleksj\u0105. Autor, do\u015bwiadczony lekarz, z przymru\u017ceniem oka opowiada o codziennych wyzwaniach i absurdach pracy w zawodzie, kt\u00f3ry wymaga nie tylko wiedzy, ale tak\u017ce serca, wytrwa\u0142o\u015bci i dystansu.<\/p>\n<p>Ksi\u0105\u017cka skierowana jest do wszystkich lekarzy \u2013 szczeg\u00f3lnie tych, kt\u00f3rzy rozumiej\u0105, \u017ce czasem najlepszym lekarstwem, zw\u0142aszcza dla nich, jest \u015bmiech. \u201eLiryka dla medyka\u201d to nie tylko zbi\u00f3r dowcipnych historii, ale tak\u017ce refleksja nad sensem tego zawodu. Zapraszamy do czytania i kontemplacji co znaczy by\u0107 cz\u0142owiekiem w \u201ebia\u0142ym kitlu\u201d.<\/p>\n","protected":false},"excerpt":{"rendered":"<p>\u00a9 Fundacja Pro Medico, 2025<br \/>\nKorekta: \u0141ukasz Karkoszka Wydawnictwo KA<br \/>\nProjekt ok\u0142adki, ilustracje, sk\u0142ad: Karolina D\u0105browska<br \/>\nDruk i oprawa: Drukarnia TOTEM<br \/>\n88-100 Inowroctaw<br \/>\nWydawca: Fundacja Pro Medico<br \/>\n40-126 Katowice \u2022 ul. Gra\u017cy\u0144skiego 49a<br \/>\nISBN 978-83-974133-2-0<\/p>\n","protected":false},"featured_media":2493,"template":"","meta":[],"product_brand":[],"product_cat":[16],"product_tag":[],"class_list":{"0":"post-2492","1":"product","2":"type-product","3":"status-publish","4":"has-post-thumbnail","6":"product_cat-ksiazki","7":"product_shipping_class-ks","9":"first","10":"instock","11":"shipping-taxable","12":"purchasable","13":"product-type-simple"},"aioseo_notices":[],"_links":{"self":[{"href":"https:\/\/fundacja.izba-lekarska.org.pl\/index.php\/wp-json\/wp\/v2\/product\/2492","targetHints":{"allow":["GET"]}}],"collection":[{"href":"https:\/\/fundacja.izba-lekarska.org.pl\/index.php\/wp-json\/wp\/v2\/product"}],"about":[{"href":"https:\/\/fundacja.izba-lekarska.org.pl\/index.php\/wp-json\/wp\/v2\/types\/product"}],"wp:featuredmedia":[{"embeddable":true,"href":"https:\/\/fundacja.izba-lekarska.org.pl\/index.php\/wp-json\/wp\/v2\/media\/2493"}],"wp:attachment":[{"href":"https:\/\/fundacja.izba-lekarska.org.pl\/index.php\/wp-json\/wp\/v2\/media?parent=2492"}],"wp:term":[{"taxonomy":"product_brand","embeddable":true,"href":"https:\/\/fundacja.izba-lekarska.org.pl\/index.php\/wp-json\/wp\/v2\/product_brand?post=2492"},{"taxonomy":"product_cat","embeddable":true,"href":"https:\/\/fundacja.izba-lekarska.org.pl\/index.php\/wp-json\/wp\/v2\/product_cat?post=2492"},{"taxonomy":"product_tag","embeddable":true,"href":"https:\/\/fundacja.izba-lekarska.org.pl\/index.php\/wp-json\/wp\/v2\/product_tag?post=2492"}],"curies":[{"name":"wp","href":"https:\/\/api.w.org\/{rel}","templated":true}]}}